{"id":11252,"date":"2022-07-22T07:35:59","date_gmt":"2022-07-22T05:35:59","guid":{"rendered":"https:\/\/www.yokogawa.com\/chemical-pharma\/?page_id=11252"},"modified":"2025-03-18T13:47:18","modified_gmt":"2025-03-18T12:47:18","slug":"impressum","status":"publish","type":"page","link":"https:\/\/www.yokogawa.com\/eu\/blog\/renewables\/de\/impressum\/","title":{"rendered":"Impressum"},"content":{"rendered":"\n<h3 class=\"wp-block-heading\" id=\"h-yokogawa-deutschland-gmbh\"><strong>Yokogawa Deutschland GmbH<\/strong><\/h3>\n\n\n\n<p><strong>Sitz des Diensteanbieters:<\/strong><br>Yokogawa Deutschland GmbH<br>Broichhofstr. 7-11<br>40880 Ratingen<\/p>\n\n\n\n<p>vertreten durch Gesch\u00e4ftsf\u00fchrer<br>Ulrich Pichler und Takayuki Matsubara<\/p>\n\n\n\n<p><strong>Informationen zur Kontaktaufnahme:<\/strong><br>Telefon: +49 2102 4983-0<br>Telefax: +49 2102 4983-22<br>E-Mail: info@de.yokogawa.com<br>Website: http:\/\/www.yokogawa.com\/de<\/p>\n\n\n\n<p><strong>Eingetragen im Handelsregister beim<br>Amtsgericht D\u00fcsseldorf unter:<\/strong><br>HRB 43339<br>Ust-ID-Nr.: 121639066<\/p>\n\n\n\n<p><strong>Verantwortlicher im Sinne des<br>\u00a755 Abs. 2 Rundfunkstaatsvertrag:<\/strong><br>Tim-Peter Henrichs<br>Broichhofstra\u00dfe 7-11<br>40880 Ratingen<br>Telefon: +49 2102 4983-411<\/p>\n\n\n\n<p><strong>Autoren<\/strong><\/p>\n\n\n\n<p>Das Kernteam besteht aus:<\/p>\n\n\n\n<p>Peter Both,\u00a0<a href=\"mailto:Peter.Both@de.yokogawa.com\">Peter.Both@yokogawa.com<\/a><\/p>\n\n\n\n<p>Niklas Frielingsdorf,\u00a0<a href=\"mailto:Niklas.Frielingsdorf@de.yokogawa.com\">Niklas.Frielingsdorf@yokogawa.com<\/a><\/p>\n\n\n\n<p>Tim-Peter Henrichs,&nbsp;<a href=\"mailto:Tim.Henrichs@de.yokogawa.com\">Tim.Henrichs@de.yokogawa.com<\/a><\/p>\n\n\n\n<p>Silke M\u00fcller,\u00a0<a href=\"https:\/\/www.yokogawa.com\/eu\/blog\/chemical-pharma\/de\/impressum\/Silke.Mueller@de.yokogawa.com\">Silke.Mueller@yokogawa.com<\/a><\/p>\n\n\n\n<p>Mailyn Sch\u00fcrmann,\u00a0<a href=\"mailto:Mailyn.Schuermann@de.yokogawa.com\">Mailyn.Schuermann@yokogawa.com<\/a><\/p>\n\n\n\n<p><strong>Inhalt<\/strong><\/p>\n\n\n\n<p>F\u00fcr den Inhalt der einzelnen Artikel sind die jeweils benannten Autoren verantwortlich. Die Inhalte der Artikel spiegeln nicht zwangsl\u00e4ufig die Meinung der Redaktion wieder.<br>Alle hier bereitgestellten Informationen dienen lediglich Informationszwecken sowie Zwecken der Meinungsbildung.<br>Yokogawa \u00fcbernimmt keine Gew\u00e4hr f\u00fcr die Aktualit\u00e4t, Korrektheit, Vollst\u00e4ndigkeit oder Qualit\u00e4t der bereitgestellten Informationen. Alle Angebote sind freibleibend und unverbindlich. Ferner beh\u00e4lt Yokogawa sich ausdr\u00fccklich vor, Teile der Seiten oder das gesamte Angebot ohne gesonderte Ank\u00fcndigung zu ver\u00e4ndern, zu erg\u00e4nzen, zu l\u00f6schen oder die Ver\u00f6ffentlichung zeitweise oder endg\u00fcltig einzustellen.<\/p>\n\n\n\n<p><strong>Kommentare<\/strong><\/p>\n\n\n\n<p>Etwaige Kommentare dienen lediglich der inhaltlichen Diskussion. Die dort formulierten Meinungen geben ausschlie\u00dflich die Auffassung des jeweiligen Verfassers wieder. Yokogawa beh\u00e4lt sich das Recht vor, einzelne Kommentare zu l\u00f6schen oder nicht zu ver\u00f6ffentlichen.<\/p>\n\n\n\n<p><strong>Links<\/strong><\/p>\n\n\n\n<p>Trotz einer sorgf\u00e4ltigen inhaltlichen Kontrolle \u00fcbernehmen die Autoren keine Haftung f\u00fcr die Inhalte externer Links. F\u00fcr den Inhalt der verlinkten Seiten sind ausschlie\u00dflich deren Betreiber verantwortlich.<\/p>\n\n\n\n<p><strong>Realisiert von&nbsp;<\/strong><br>TRENDOMEDIA<br><a href=\"https:\/\/www.trendomedia.com\/\">Online Media Agency<\/a><\/p>\n\n\n\n<p>Graf-Adolf-Str. 55<br>D-40210 D\u00fcsseldorf<\/p>\n","protected":false},"excerpt":{"rendered":"<p>Yokogawa Deutschland GmbH Sitz des Diensteanbieters:Yokogawa Deutschland GmbHBroichhofstr. 7-1140880 Ratingen vertreten durch Gesch\u00e4ftsf\u00fchrerUlrich Pichler und Takayuki Matsubara Informationen zur Kontaktaufnahme:Telefon: +49 2102 4983-0Telefax: +49 2102 4983-22E-Mail: info@de.yokogawa.comWebsite: http:\/\/www.yokogawa.com\/de Eingetragen im Handelsregister beimAmtsgericht D\u00fcsseldorf unter:HRB 43339Ust-ID-Nr.: 121639066 Verantwortlicher im Sinne des\u00a755&hellip; <\/p>\n<p class=\"read-more\"> <a class=\"\" href=\"https:\/\/www.yokogawa.com\/eu\/blog\/renewables\/de\/impressum\/\"> <span class=\"screen-reader-text\">Impressum<\/span> Weiterlesen &raquo;<\/a><\/p>\n","protected":false},"author":31,"featured_media":0,"parent":0,"menu_order":0,"comment_status":"closed","ping_status":"closed","template":"","meta":{"_uag_custom_page_level_css":"","site-sidebar-layout":"default","site-content-layout":"","ast-site-content-layout":"default","site-content-style":"default","site-sidebar-style":"default","ast-global-header-display":"","ast-banner-title-visibility":"","ast-main-header-display":"","ast-hfb-above-header-display":"","ast-hfb-below-header-display":"","ast-hfb-mobile-header-display":"","site-post-title":"","ast-breadcrumbs-content":"","ast-featured-img":"","footer-sml-layout":"","theme-transparent-header-meta":"","adv-header-id-meta":"","stick-header-meta":"","header-above-stick-meta":"","header-main-stick-meta":"","header-below-stick-meta":"","astra-migrate-meta-layouts":"set","footnotes":""},"coauthors":[2458],"acf":[],"yoast_head":"<!-- This site is optimized with the Yoast SEO Premium plugin v20.13 (Yoast SEO v20.13) - https:\/\/yoast.com\/wordpress\/plugins\/seo\/ -->\n<title>Impressum - Energy and Renewables<\/title>\n<meta name=\"robots\" content=\"index, follow, max-snippet:-1, max-image-preview:large, max-video-preview:-1\" \/>\n<link rel=\"canonical\" href=\"https:\/\/www.yokogawa.com\/eu\/blog\/renewables\/de\/impressum\/\" \/>\n<meta property=\"og:locale\" content=\"de_DE\" \/>\n<meta property=\"og:type\" content=\"article\" \/>\n<meta property=\"og:title\" content=\"Impressum\" \/>\n<meta property=\"og:description\" content=\"Yokogawa Deutschland GmbH Sitz des Diensteanbieters:Yokogawa Deutschland GmbHBroichhofstr. 7-1140880 Ratingen vertreten durch Gesch\u00e4ftsf\u00fchrerUlrich Pichler und Takayuki Matsubara Informationen zur Kontaktaufnahme:Telefon: +49 2102 4983-0Telefax: +49 2102 4983-22E-Mail: info@de.yokogawa.comWebsite: http:\/\/www.yokogawa.com\/de Eingetragen im Handelsregister beimAmtsgericht D\u00fcsseldorf unter:HRB 43339Ust-ID-Nr.: 121639066 Verantwortlicher im Sinne des\u00a755&hellip;  Impressum Weiterlesen &raquo;\" \/>\n<meta property=\"og:url\" content=\"https:\/\/www.yokogawa.com\/eu\/blog\/renewables\/de\/impressum\/\" \/>\n<meta property=\"og:site_name\" content=\"Energy and Renewables\" \/>\n<meta property=\"article:modified_time\" content=\"2025-03-18T12:47:18+00:00\" \/>\n<meta name=\"twitter:card\" content=\"summary_large_image\" \/>\n<script type=\"application\/ld+json\" class=\"yoast-schema-graph\">{\"@context\":\"https:\/\/schema.org\",\"@graph\":[{\"@type\":\"WebPage\",\"@id\":\"https:\/\/www.yokogawa.com\/eu\/blog\/renewables\/de\/impressum\/\",\"url\":\"https:\/\/www.yokogawa.com\/eu\/blog\/renewables\/de\/impressum\/\",\"name\":\"Impressum - Energy and Renewables\",\"isPartOf\":{\"@id\":\"https:\/\/www.yokogawa.com\/eu\/blog\/renewables\/de\/#website\"},\"datePublished\":\"2022-07-22T05:35:59+00:00\",\"dateModified\":\"2025-03-18T12:47:18+00:00\",\"breadcrumb\":{\"@id\":\"https:\/\/www.yokogawa.com\/eu\/blog\/renewables\/de\/impressum\/#breadcrumb\"},\"inLanguage\":\"de-DE\",\"potentialAction\":[{\"@type\":\"ReadAction\",\"target\":[\"https:\/\/www.yokogawa.com\/eu\/blog\/renewables\/de\/impressum\/\"]}]},{\"@type\":\"BreadcrumbList\",\"@id\":\"https:\/\/www.yokogawa.com\/eu\/blog\/renewables\/de\/impressum\/#breadcrumb\",\"itemListElement\":[{\"@type\":\"ListItem\",\"position\":1,\"name\":\"Home\",\"item\":\"https:\/\/www.yokogawa.com\/eu\/blog\/renewables\/de\/\"},{\"@type\":\"ListItem\",\"position\":2,\"name\":\"Impressum\"}]},{\"@type\":\"WebSite\",\"@id\":\"https:\/\/www.yokogawa.com\/eu\/blog\/renewables\/de\/#website\",\"url\":\"https:\/\/www.yokogawa.com\/eu\/blog\/renewables\/de\/\",\"name\":\"Energy and Renewables\",\"description\":\"Yokogawa\",\"publisher\":{\"@id\":\"https:\/\/www.yokogawa.com\/eu\/blog\/renewables\/de\/#organization\"},\"potentialAction\":[{\"@type\":\"SearchAction\",\"target\":{\"@type\":\"EntryPoint\",\"urlTemplate\":\"https:\/\/www.yokogawa.com\/eu\/blog\/renewables\/de\/?s={search_term_string}\"},\"query-input\":\"required name=search_term_string\"}],\"inLanguage\":\"de-DE\"},{\"@type\":\"Organization\",\"@id\":\"https:\/\/www.yokogawa.com\/eu\/blog\/renewables\/de\/#organization\",\"name\":\"Energy and Renewables\",\"url\":\"https:\/\/www.yokogawa.com\/eu\/blog\/renewables\/de\/\",\"logo\":{\"@type\":\"ImageObject\",\"inLanguage\":\"de-DE\",\"@id\":\"https:\/\/www.yokogawa.com\/eu\/blog\/renewables\/de\/#\/schema\/logo\/image\/\",\"url\":\"https:\/\/www.yokogawa.com\/eu\/blog\/app\/uploads\/sites\/10\/2022\/09\/yokogawa-logo-e1651674418793.png\",\"contentUrl\":\"https:\/\/www.yokogawa.com\/eu\/blog\/app\/uploads\/sites\/10\/2022\/09\/yokogawa-logo-e1651674418793.png\",\"width\":302,\"height\":89,\"caption\":\"Energy and Renewables\"},\"image\":{\"@id\":\"https:\/\/www.yokogawa.com\/eu\/blog\/renewables\/de\/#\/schema\/logo\/image\/\"}}]}<\/script>\n<!-- \/ Yoast SEO Premium plugin. -->","yoast_head_json":{"title":"Impressum - Energy and Renewables","robots":{"index":"index","follow":"follow","max-snippet":"max-snippet:-1","max-image-preview":"max-image-preview:large","max-video-preview":"max-video-preview:-1"},"canonical":"https:\/\/www.yokogawa.com\/eu\/blog\/renewables\/de\/impressum\/","og_locale":"de_DE","og_type":"article","og_title":"Impressum","og_description":"Yokogawa Deutschland GmbH Sitz des Diensteanbieters:Yokogawa Deutschland GmbHBroichhofstr. 7-1140880 Ratingen vertreten durch Gesch\u00e4ftsf\u00fchrerUlrich Pichler und Takayuki Matsubara Informationen zur Kontaktaufnahme:Telefon: +49 2102 4983-0Telefax: +49 2102 4983-22E-Mail: info@de.yokogawa.comWebsite: http:\/\/www.yokogawa.com\/de Eingetragen im Handelsregister beimAmtsgericht D\u00fcsseldorf unter:HRB 43339Ust-ID-Nr.: 121639066 Verantwortlicher im Sinne des\u00a755&hellip;  Impressum Weiterlesen &raquo;","og_url":"https:\/\/www.yokogawa.com\/eu\/blog\/renewables\/de\/impressum\/","og_site_name":"Energy and Renewables","article_modified_time":"2025-03-18T12:47:18+00:00","twitter_card":"summary_large_image","schema":{"@context":"https:\/\/schema.org","@graph":[{"@type":"WebPage","@id":"https:\/\/www.yokogawa.com\/eu\/blog\/renewables\/de\/impressum\/","url":"https:\/\/www.yokogawa.com\/eu\/blog\/renewables\/de\/impressum\/","name":"Impressum - Energy and Renewables","isPartOf":{"@id":"https:\/\/www.yokogawa.com\/eu\/blog\/renewables\/de\/#website"},"datePublished":"2022-07-22T05:35:59+00:00","dateModified":"2025-03-18T12:47:18+00:00","breadcrumb":{"@id":"https:\/\/www.yokogawa.com\/eu\/blog\/renewables\/de\/impressum\/#breadcrumb"},"inLanguage":"de-DE","potentialAction":[{"@type":"ReadAction","target":["https:\/\/www.yokogawa.com\/eu\/blog\/renewables\/de\/impressum\/"]}]},{"@type":"BreadcrumbList","@id":"https:\/\/www.yokogawa.com\/eu\/blog\/renewables\/de\/impressum\/#breadcrumb","itemListElement":[{"@type":"ListItem","position":1,"name":"Home","item":"https:\/\/www.yokogawa.com\/eu\/blog\/renewables\/de\/"},{"@type":"ListItem","position":2,"name":"Impressum"}]},{"@type":"WebSite","@id":"https:\/\/www.yokogawa.com\/eu\/blog\/renewables\/de\/#website","url":"https:\/\/www.yokogawa.com\/eu\/blog\/renewables\/de\/","name":"Energy and Renewables","description":"Yokogawa","publisher":{"@id":"https:\/\/www.yokogawa.com\/eu\/blog\/renewables\/de\/#organization"},"potentialAction":[{"@type":"SearchAction","target":{"@type":"EntryPoint","urlTemplate":"https:\/\/www.yokogawa.com\/eu\/blog\/renewables\/de\/?s={search_term_string}"},"query-input":"required name=search_term_string"}],"inLanguage":"de-DE"},{"@type":"Organization","@id":"https:\/\/www.yokogawa.com\/eu\/blog\/renewables\/de\/#organization","name":"Energy and Renewables","url":"https:\/\/www.yokogawa.com\/eu\/blog\/renewables\/de\/","logo":{"@type":"ImageObject","inLanguage":"de-DE","@id":"https:\/\/www.yokogawa.com\/eu\/blog\/renewables\/de\/#\/schema\/logo\/image\/","url":"https:\/\/www.yokogawa.com\/eu\/blog\/app\/uploads\/sites\/10\/2022\/09\/yokogawa-logo-e1651674418793.png","contentUrl":"https:\/\/www.yokogawa.com\/eu\/blog\/app\/uploads\/sites\/10\/2022\/09\/yokogawa-logo-e1651674418793.png","width":302,"height":89,"caption":"Energy and Renewables"},"image":{"@id":"https:\/\/www.yokogawa.com\/eu\/blog\/renewables\/de\/#\/schema\/logo\/image\/"}}]}},"uagb_featured_image_src":{"full":false,"thumbnail":false,"medium":false,"medium_large":false,"large":false,"1536x1536":false,"2048x2048":false,"post-thumbnail":false},"uagb_author_info":{"display_name":"Niklas Frielingsdorf","author_link":"https:\/\/www.yokogawa.com\/eu\/blog\/renewables\/de\/author\/niklas-frielingsdorf\/"},"uagb_comment_info":0,"uagb_excerpt":"Yokogawa Deutschland GmbH Sitz des Diensteanbieters:Yokogawa Deutschland GmbHBroichhofstr. 7-1140880 Ratingen vertreten durch Gesch\u00e4ftsf\u00fchrerUlrich Pichler und Takayuki Matsubara Informationen zur Kontaktaufnahme:Telefon: +49 2102 4983-0Telefax: +49 2102 4983-22E-Mail: info@de.yokogawa.comWebsite: http:\/\/www.yokogawa.com\/de Eingetragen im Handelsregister beimAmtsgericht D\u00fcsseldorf unter:HRB 43339Ust-ID-Nr.: 121639066 Verantwortlicher im Sinne des\u00a755&hellip; Impressum Weiterlesen &raquo;","_links":{"self":[{"href":"https:\/\/www.yokogawa.com\/eu\/blog\/renewables\/de\/wp-json\/wp\/v2\/pages\/11252"}],"collection":[{"href":"https:\/\/www.yokogawa.com\/eu\/blog\/renewables\/de\/wp-json\/wp\/v2\/pages"}],"about":[{"href":"https:\/\/www.yokogawa.com\/eu\/blog\/renewables\/de\/wp-json\/wp\/v2\/types\/page"}],"author":[{"embeddable":true,"href":"https:\/\/www.yokogawa.com\/eu\/blog\/renewables\/de\/wp-json\/wp\/v2\/users\/31"}],"replies":[{"embeddable":true,"href":"https:\/\/www.yokogawa.com\/eu\/blog\/renewables\/de\/wp-json\/wp\/v2\/comments?post=11252"}],"version-history":[{"count":1,"href":"https:\/\/www.yokogawa.com\/eu\/blog\/renewables\/de\/wp-json\/wp\/v2\/pages\/11252\/revisions"}],"predecessor-version":[{"id":16877,"href":"https:\/\/www.yokogawa.com\/eu\/blog\/renewables\/de\/wp-json\/wp\/v2\/pages\/11252\/revisions\/16877"}],"wp:attachment":[{"href":"https:\/\/www.yokogawa.com\/eu\/blog\/renewables\/de\/wp-json\/wp\/v2\/media?parent=11252"}],"wp:term":[{"taxonomy":"author","embeddable":true,"href":"https:\/\/www.yokogawa.com\/eu\/blog\/renewables\/de\/wp-json\/wp\/v2\/coauthors?post=11252"}],"curies":[{"name":"wp","href":"https:\/\/api.w.org\/{rel}","templated":true}]}}