{"id":11258,"date":"2022-07-20T17:27:33","date_gmt":"2022-07-20T15:27:33","guid":{"rendered":"https:\/\/www.yokogawa.com\/chemical-pharma\/?page_id=11258"},"modified":"2022-07-23T08:12:54","modified_gmt":"2022-07-23T06:12:54","slug":"agb","status":"publish","type":"page","link":"https:\/\/www.yokogawa.com\/eu\/blog\/renewables\/de\/agb\/","title":{"rendered":"AGB"},"content":{"rendered":"\n<p>Nutzungsbedingungen<br>Diese Website ist Eigentum der Yokogawa Electric Corporation (im Folgenden als &#8220;Yokogawa&#8221; bezeichnet) oder ihres Bevollm\u00e4chtigten und wird von diesem betrieben. Die folgenden Bedingungen sind Bestandteil einer rechtlichen Vereinbarung zwischen Ihnen und Yokogawa. Sie werden gebeten, diese Nutzungsbedingungen vor dem Zugriff auf die Website zu lesen und die Website nur dann zu nutzen, wenn Sie best\u00e4tigen, dass Sie die Nutzungsbedingungen gelesen und verstanden haben und mit ihnen einverstanden sind. Wenn Sie mit diesen Nutzungsbedingungen nicht einverstanden sind, d\u00fcrfen Sie diese Website nicht nutzen.<\/p>\n\n\n\n<p>Diese Website kann weitere Eigentumshinweise und Urheberrechtsinformationen enthalten, deren Bedingungen Sie beachten und befolgen m\u00fcssen. Die Informationen auf dieser Website k\u00f6nnen technische Ungenauigkeiten oder typografische Fehler enthalten. Yokogawa beh\u00e4lt sich das Recht vor, diese Nutzungsbedingungen durch Aktualisierung jederzeit zu \u00e4ndern, ohne Sie davon in Kenntnis zu setzen. Durch die Nutzung dieser Website erkl\u00e4ren Sie sich mit diesen \u00c4nderungen einverstanden und sollten daher regelm\u00e4\u00dfig diese Seite besuchen, um sich \u00fcber die jeweils aktuellen Bedingungen zu informieren, an die Sie gebunden sind.<\/p>\n\n\n\n<p>Informationen, die Yokogawa im World Wide Web ver\u00f6ffentlicht, k\u00f6nnen Hinweise oder Querverweise auf Produkte, Programme und Dienstleistungen von Yokogawa enthalten, die in Ihrem Land nicht angek\u00fcndigt oder verf\u00fcgbar sind. Solche Verweise bedeuten nicht, dass Yokogawa die Absicht hat, solche Produkte, Programme oder Dienstleistungen in Ihrem Land anzuk\u00fcndigen. Bitte wenden Sie sich an Ihren lokalen Ansprechpartner, um Informationen zu den Produkten, Programmen oder Dienstleistungen zu erhalten, die Ihnen zur Verf\u00fcgung stehen k\u00f6nnten.<\/p>\n\n\n\n<p>Die Verpflichtungen von Yokogawa in Bezug auf seine Produkte und Dienstleistungen werden ausschlie\u00dflich durch die Nutzungsbedingungen geregelt, unter denen sie bereitgestellt werden. Wenn Sie ein Produkt oder eine Dienstleistung von Yokogawa \u00fcber diese Website beziehen, das\/die ohne Vereinbarung bereitgestellt wird, wird dieses Produkt oder diese Dienstleistung &#8220;wie besehen&#8221; ohne jegliche ausdr\u00fcckliche oder stillschweigende Garantie bereitgestellt, und die Nutzung dieses Produkts oder dieser Dienstleistung erfolgt auf Ihr eigenes Risiko.<\/p>\n\n\n\n<ol><li>Copyright-Hinweis<br>Die auf dieser Website enthaltenen Informationen und\/oder Inhalte sind durch die Urheberrechtsgesetze und andere anwendbare Gesetze der jeweiligen L\u00e4nder oder durch einschl\u00e4gige internationale Vertr\u00e4ge und\/oder andere anwendbare Gesetze gesch\u00fctzt. Yokogawa untersagt die Nutzung (einschlie\u00dflich, aber nicht beschr\u00e4nkt auf das Vervielf\u00e4ltigen, \u00c4ndern, Modifizieren, Versenden, Umschreiben, \u00dcbertragen, Verkaufen, Ver\u00f6ffentlichen und Wiedergeben) solcher Informationen ohne vorherige schriftliche Genehmigung von Yokogawa, es sei denn, die Nutzung der Website erfolgt f\u00fcr private, nicht gewinnorientierte Zwecke oder ist gesetzlich zul\u00e4ssig. Bitte beachten Sie auch, dass f\u00fcr einige Informationen oder Inhalte besondere Bedingungen gelten k\u00f6nnen. In diesem Fall werden Sie aufgefordert, diese Bedingungen zu akzeptieren, wenn Sie auf diese Informationen oder Inhalte zugreifen. In diesem Fall werden Sie gebeten, diese Bedingungen zu akzeptieren, wenn Sie auf die Website zugreifen.<\/li><\/ol>\n\n\n\n<p>Alle Softwareprodukte, die \u00fcber diese Website verf\u00fcgbar sind, sind urheberrechtlich gesch\u00fctzte Werke von Personen oder Parteien, die die Urheberrechte daran besitzen. Dementsprechend werden Sie gebeten, bei der Nutzung eines solchen Softwareprodukts die im Lizenzvertrag des Urheberrechtsinhabers dieses Softwareprodukts beschriebenen Regeln sowie die lokalen Urheberrechtsgesetze, einschl\u00e4gige internationale Vertr\u00e4ge und andere geltende Gesetze einzuhalten.<\/p>\n\n\n\n<ol start=\"2\"><li>Markenzeichen<br>Die auf dieser Website verwendeten Namen von Unternehmen, Organisationen, Produkten, Dienstleistungen und Logos k\u00f6nnen eingetragene Marken oder Marken von Yokogawa, anderen Unternehmen und Organisationen sein.<\/li><li>Exportkontrolle<br>Die Ausfuhr aus Japan und die Weitergabe von technischen Daten, Software oder Produkten, die \u00fcber diese Website erworben wurden, an nicht in Japan ans\u00e4ssige Personen muss in voller \u00dcbereinstimmung mit allen geltenden Gesetzen und Vorschriften erfolgen, einschlie\u00dflich des japanischen Devisen- und Au\u00dfenhandelsgesetzes und des U.S. Export Administration Act.<\/li><li>Website-Links<br>Einige Teile dieser Website enthalten Links zu Websites Dritter (im Folgenden als &#8220;verlinkte Websites&#8221; bezeichnet), und einige Websites Dritter enthalten Links zu dieser Website. Die Inhalte dieser verlinkten Websites werden von den jeweiligen Dritten unter deren Verantwortung verwaltet und sind nicht als von Yokogawa betrieben auszulegen. Daher sollten die Inhalte jeder verlinkten Website in \u00dcbereinstimmung mit den dort angegebenen Nutzungsbedingungen genutzt werden. Yokogawa haftet weder f\u00fcr den Inhalt einer solchen verlinkten Website noch f\u00fcr Sch\u00e4den jeglicher Art, die durch die Nutzung einer solchen verlinkten Website entstehen.<\/li><\/ol>\n\n\n\n<p>Dar\u00fcber hinaus ist ein Link zu dieser Website nicht als Anregung, Empfehlung oder Ermutigung von Yokogawa zur Nutzung der verlinkten Website oder als Bef\u00fcrwortung der dort beschriebenen Produkte, Dienstleistungen oder Unternehmen zu verstehen. Dar\u00fcber hinaus darf ein solcher Link nicht so ausgelegt werden, dass eine besondere Beziehung, wie z. B. eine Gesch\u00e4ftspartnerschaft, zwischen Yokogawa und der Partei, die die verlinkte Website betreibt, besteht.<\/p>\n\n\n\n<p>Websites von Yokogawa-Tochtergesellschaften, einschlie\u00dflich aller Inhalte und zugeh\u00f6rigen Informationen, werden unter der Kontrolle und Verantwortung der jeweiligen Tochtergesellschaften entwickelt und betrieben. Daher betrachtet Yokogawa sie als Websites Dritter und \u00fcbernimmt keine Verantwortung f\u00fcr sie.<\/p>\n\n\n\n<ol start=\"5\"><li>Download-Service<br>Das Herunterladen von Bedienungsanleitungen, Katalogen und anderen Dokumenten von dieser Website ist unter den folgenden Bedingungen m\u00f6glich:<\/li><\/ol>\n\n\n\n<p>5-1. F\u00fcr die Nutzung dieses Download-Services kann eine vorherige Benutzerregistrierung erforderlich sein.<br>5-2. Bei \u00c4nderungen von Produktspezifikationen beh\u00e4lt sich Yokogawa das Recht vor, die auf dieser Website verf\u00fcgbaren Dokumente ohne Vorank\u00fcndigung zu \u00e4ndern. Dementsprechend k\u00f6nnen die in diesen Dokumenten beschriebenen Produktmerkmale oder Spezifikationen von denen eines zuvor erworbenen Produkts abweichen.<br>5-3. Diese Website enth\u00e4lt nicht f\u00fcr alle von Yokogawa erh\u00e4ltlichen Produkte Dokumente. Diese Website kann auch Dokumente f\u00fcr abgek\u00fcndigte Produkte enthalten.<br>5-4. Je nach Version des Browsers oder der Viewer-Software kann es vorkommen, dass Sie den Download-Service nicht nutzen oder ein heruntergeladenes Dokument nicht \u00f6ffnen k\u00f6nnen. Au\u00dferdem k\u00f6nnen bestimmte Druckertypen die auf dieser Website verf\u00fcgbaren Dokumente m\u00f6glicherweise nicht ausdrucken.<br>5-5. Teile einer heruntergeladenen Datei k\u00f6nnen aufgrund der Konvertierung des Dokuments in das Portable Document Format (PDF) unleserlich sein. Das heruntergeladene Dokument kann auch Fehler enthalten, die im gedruckten Dokument enthalten waren und bei der Ver\u00f6ffentlichung auf dieser Website nicht korrigiert wurden.<br>5-6. Die Vervielf\u00e4ltigung, Bearbeitung und Verbreitung der heruntergeladenen Datei zu kommerziellen Zwecken ist strengstens untersagt.<\/p>\n\n\n\n<ol start=\"6\"><li>Ausschluss der Haftung<br>Obwohl bei der Bereitstellung der Informationen auf den Yokogawa-Websites gr\u00f6\u00dfte Sorgfalt angewandt wird, \u00fcbernimmt Yokogawa keine Gew\u00e4hr f\u00fcr die Aktualit\u00e4t, Angemessenheit, Zuverl\u00e4ssigkeit, Vollst\u00e4ndigkeit, N\u00fctzlichkeit, Eignung f\u00fcr einen bestimmten Zweck oder Richtigkeit der auf diesen Websites enthaltenen Informationen. Yokogawa \u00fcbernimmt auch keine Garantie f\u00fcr die Nichtverletzung von Rechten Dritter und\/oder die Sicherheit der Website (einschlie\u00dflich, aber nicht beschr\u00e4nkt auf die Garantie, dass die Website fehlerfrei ist, dass jede Funktion jederzeit normal funktioniert, dass Yokogawa eventuell auftretende Probleme behebt oder dass die Homepage oder der Server dieser Website keine Viren oder sch\u00e4dlichen Inhalte enth\u00e4lt). Yokogawa haftet nicht f\u00fcr Sch\u00e4den jeglicher Art, die den Nutzern durch die Nutzung oder Unm\u00f6glichkeit der Nutzung dieser Informationen entstehen.<\/li><\/ol>\n\n\n\n<p>IN KEINEM FALL HAFTET YOKOGAWA IHNEN UND\/ODER EINER PARTEI GEGEN\u00dcBER F\u00dcR DIREKTE, INDIREKTE, BESONDERE, ZUF\u00c4LLIGE ODER ANDERE FOLGESCH\u00c4DEN ODER F\u00dcR EXEMPLARISCHE, BESONDERE, STRAFENDE ODER \u00c4HNLICHE SCH\u00c4DEN JEGLICHER ART, UNABH\u00c4NGIG DAVON, OB DIESE AUF VERTRAG, VERSCHULDENSUNABH\u00c4NGIGER HAFTUNG, UNERLAUBTER HANDLUNG, GARANTIE (AUSDR\u00dcCKLICH ODER STILLSCHWEIGEND) ODER EINEM ANDEREN RECHTSGRUND F\u00dcR DIE NUTZUNG DIESER WEBSITE BERUHEN, ODER EINE ANDERE VERLINKTE WEBSITE, EINSCHLIESSLICH, ABER NICHT BESCHR\u00c4NKT AUF ENTGANGENE GEWINNE, EINKOMMENSVERLUSTE, GESCH\u00c4FTSUNTERBRECHUNGEN, NUTZUNGSAUSFALL, VERLUST ODER ZERST\u00d6RUNG VON PROGRAMMEN ODER ANDEREN DATEN, VERLUST DER VERF\u00dcGBARKEIT UND DERGLEICHEN AUF IHREM INFORMATIONSVERARBEITUNGSSYSTEM ODER ANDERWEITIG, SELBST WENN YOKOGAWA AUSDR\u00dcCKLICH AUF DIE M\u00d6GLICHKEIT SOLCHER SCH\u00c4DEN HINGEWIESEN WORDEN IST.<\/p>\n\n\n\n<p>ALLE INFORMATIONEN WERDEN VON YOKOGAWA AUF EINER &#8220;AS IS&#8221;-BASIS BEREITGESTELLT. YOKOGAWA \u00dcBERNIMMT KEINE DARSTELLUNGEN ODER GARANTIEN, WEDER AUSDR\u00dcCKLICH NOCH STILLSCHWEIGEND, EINSCHLIESSLICH DER STILLSCHWEIGENDEN GARANTIEN DER EIGNUNG F\u00dcR EINEN BESTIMMTEN ZWECK, DER HANDELS\u00dcBLICHKEIT, DES EIGENTUMSRECHTS UND DER NICHTVERLETZUNG VON RECHTEN.<\/p>\n\n\n\n<p>Yokogawa beh\u00e4lt sich das Recht vor, die auf der eigenen Website enthaltenen Informationen und\/oder Inhalte jederzeit und ohne vorherige Ank\u00fcndigung zu \u00e4ndern, vor\u00fcbergehend oder endg\u00fcltig zur\u00fcckzuziehen oder die \u00fcber diese Website angebotenen Dienste auszusetzen oder einzustellen. Yokogawa haftet nicht f\u00fcr Sch\u00e4den jeglicher Art, die Ihnen aus irgendeinem Grund dadurch entstehen, dass Yokogawa diese Informationen \u00e4ndert oder vor\u00fcbergehend oder endg\u00fcltig zur\u00fcckzieht.<\/p>\n\n\n\n<ol start=\"7\"><li>Anwendbares Recht und Gerichtsstand<br>Diese Nutzungsbedingungen unterliegen den Gesetzen Japans und sind entsprechend auszulegen, sofern nicht ausdr\u00fccklich etwas anderes bestimmt ist. Alle Streitigkeiten und Meinungsverschiedenheiten, die sich aus oder in Verbindung mit dieser Website und diesen Nutzungsbedingungen ergeben, werden dem Bezirksgericht Tokio in Tokio (Hauptsitz), Japan, als Gericht der ersten Instanz vorgelegt. Sollte ein Teil dieser Nutzungsbedingungen als ung\u00fcltig, nichtig oder aus irgendeinem Grund nicht durchsetzbar erachtet werden, so gilt dieser Teil als abtrennbar und ber\u00fchrt nicht die G\u00fcltigkeit und Durchsetzbarkeit der \u00fcbrigen Teile.<\/li><\/ol>\n\n\n\n<p><\/p>\n","protected":false},"excerpt":{"rendered":"<p>NutzungsbedingungenDiese Website ist Eigentum der Yokogawa Electric Corporation (im Folgenden als &#8220;Yokogawa&#8221; bezeichnet) oder ihres Bevollm\u00e4chtigten und wird von diesem betrieben. Die folgenden Bedingungen sind Bestandteil einer rechtlichen Vereinbarung zwischen Ihnen und Yokogawa. Sie werden gebeten, diese Nutzungsbedingungen vor dem&hellip; <\/p>\n<p class=\"read-more\"> <a class=\"\" href=\"https:\/\/www.yokogawa.com\/eu\/blog\/renewables\/de\/agb\/\"> <span class=\"screen-reader-text\">AGB<\/span> Weiterlesen &raquo;<\/a><\/p>\n","protected":false},"author":31,"featured_media":0,"parent":0,"menu_order":0,"comment_status":"closed","ping_status":"closed","template":"","meta":{"_uag_custom_page_level_css":"","site-sidebar-layout":"default","site-content-layout":"","ast-site-content-layout":"","site-content-style":"default","site-sidebar-style":"default","ast-global-header-display":"","ast-banner-title-visibility":"","ast-main-header-display":"","ast-hfb-above-header-display":"","ast-hfb-below-header-display":"","ast-hfb-mobile-header-display":"","site-post-title":"","ast-breadcrumbs-content":"","ast-featured-img":"","footer-sml-layout":"","theme-transparent-header-meta":"","adv-header-id-meta":"","stick-header-meta":"","header-above-stick-meta":"","header-main-stick-meta":"","header-below-stick-meta":"","astra-migrate-meta-layouts":"","footnotes":""},"coauthors":[],"acf":[],"yoast_head":"<!-- This site is optimized with the Yoast SEO Premium plugin v20.13 (Yoast SEO v20.13) - https:\/\/yoast.com\/wordpress\/plugins\/seo\/ -->\n<title>AGB - Energy and Renewables<\/title>\n<meta name=\"robots\" content=\"index, follow, max-snippet:-1, max-image-preview:large, max-video-preview:-1\" \/>\n<link rel=\"canonical\" href=\"https:\/\/www.yokogawa.com\/eu\/blog\/renewables\/de\/agb\/\" \/>\n<meta property=\"og:locale\" content=\"de_DE\" \/>\n<meta property=\"og:type\" content=\"article\" \/>\n<meta property=\"og:title\" content=\"AGB\" \/>\n<meta property=\"og:description\" content=\"NutzungsbedingungenDiese Website ist Eigentum der Yokogawa Electric Corporation (im Folgenden als &#8220;Yokogawa&#8221; bezeichnet) oder ihres Bevollm\u00e4chtigten und wird von diesem betrieben. Die folgenden Bedingungen sind Bestandteil einer rechtlichen Vereinbarung zwischen Ihnen und Yokogawa. Sie werden gebeten, diese Nutzungsbedingungen vor dem&hellip;  AGB Weiterlesen &raquo;\" \/>\n<meta property=\"og:url\" content=\"https:\/\/www.yokogawa.com\/eu\/blog\/renewables\/de\/agb\/\" \/>\n<meta property=\"og:site_name\" content=\"Energy and Renewables\" \/>\n<meta property=\"article:modified_time\" content=\"2022-07-23T06:12:54+00:00\" \/>\n<meta name=\"twitter:card\" content=\"summary_large_image\" \/>\n<script type=\"application\/ld+json\" class=\"yoast-schema-graph\">{\"@context\":\"https:\/\/schema.org\",\"@graph\":[{\"@type\":\"WebPage\",\"@id\":\"https:\/\/www.yokogawa.com\/eu\/blog\/renewables\/de\/agb\/\",\"url\":\"https:\/\/www.yokogawa.com\/eu\/blog\/renewables\/de\/agb\/\",\"name\":\"AGB - Energy and Renewables\",\"isPartOf\":{\"@id\":\"https:\/\/www.yokogawa.com\/eu\/blog\/renewables\/de\/#website\"},\"datePublished\":\"2022-07-20T15:27:33+00:00\",\"dateModified\":\"2022-07-23T06:12:54+00:00\",\"breadcrumb\":{\"@id\":\"https:\/\/www.yokogawa.com\/eu\/blog\/renewables\/de\/agb\/#breadcrumb\"},\"inLanguage\":\"de-DE\",\"potentialAction\":[{\"@type\":\"ReadAction\",\"target\":[\"https:\/\/www.yokogawa.com\/eu\/blog\/renewables\/de\/agb\/\"]}]},{\"@type\":\"BreadcrumbList\",\"@id\":\"https:\/\/www.yokogawa.com\/eu\/blog\/renewables\/de\/agb\/#breadcrumb\",\"itemListElement\":[{\"@type\":\"ListItem\",\"position\":1,\"name\":\"Home\",\"item\":\"https:\/\/www.yokogawa.com\/eu\/blog\/renewables\/de\/\"},{\"@type\":\"ListItem\",\"position\":2,\"name\":\"AGB\"}]},{\"@type\":\"WebSite\",\"@id\":\"https:\/\/www.yokogawa.com\/eu\/blog\/renewables\/de\/#website\",\"url\":\"https:\/\/www.yokogawa.com\/eu\/blog\/renewables\/de\/\",\"name\":\"Energy and Renewables\",\"description\":\"Yokogawa\",\"publisher\":{\"@id\":\"https:\/\/www.yokogawa.com\/eu\/blog\/renewables\/de\/#organization\"},\"potentialAction\":[{\"@type\":\"SearchAction\",\"target\":{\"@type\":\"EntryPoint\",\"urlTemplate\":\"https:\/\/www.yokogawa.com\/eu\/blog\/renewables\/de\/?s={search_term_string}\"},\"query-input\":\"required name=search_term_string\"}],\"inLanguage\":\"de-DE\"},{\"@type\":\"Organization\",\"@id\":\"https:\/\/www.yokogawa.com\/eu\/blog\/renewables\/de\/#organization\",\"name\":\"Energy and Renewables\",\"url\":\"https:\/\/www.yokogawa.com\/eu\/blog\/renewables\/de\/\",\"logo\":{\"@type\":\"ImageObject\",\"inLanguage\":\"de-DE\",\"@id\":\"https:\/\/www.yokogawa.com\/eu\/blog\/renewables\/de\/#\/schema\/logo\/image\/\",\"url\":\"https:\/\/www.yokogawa.com\/eu\/blog\/app\/uploads\/sites\/10\/2022\/09\/yokogawa-logo-e1651674418793.png\",\"contentUrl\":\"https:\/\/www.yokogawa.com\/eu\/blog\/app\/uploads\/sites\/10\/2022\/09\/yokogawa-logo-e1651674418793.png\",\"width\":302,\"height\":89,\"caption\":\"Energy and Renewables\"},\"image\":{\"@id\":\"https:\/\/www.yokogawa.com\/eu\/blog\/renewables\/de\/#\/schema\/logo\/image\/\"}}]}<\/script>\n<!-- \/ Yoast SEO Premium plugin. -->","yoast_head_json":{"title":"AGB - Energy and Renewables","robots":{"index":"index","follow":"follow","max-snippet":"max-snippet:-1","max-image-preview":"max-image-preview:large","max-video-preview":"max-video-preview:-1"},"canonical":"https:\/\/www.yokogawa.com\/eu\/blog\/renewables\/de\/agb\/","og_locale":"de_DE","og_type":"article","og_title":"AGB","og_description":"NutzungsbedingungenDiese Website ist Eigentum der Yokogawa Electric Corporation (im Folgenden als &#8220;Yokogawa&#8221; bezeichnet) oder ihres Bevollm\u00e4chtigten und wird von diesem betrieben. Die folgenden Bedingungen sind Bestandteil einer rechtlichen Vereinbarung zwischen Ihnen und Yokogawa. Sie werden gebeten, diese Nutzungsbedingungen vor dem&hellip;  AGB Weiterlesen &raquo;","og_url":"https:\/\/www.yokogawa.com\/eu\/blog\/renewables\/de\/agb\/","og_site_name":"Energy and Renewables","article_modified_time":"2022-07-23T06:12:54+00:00","twitter_card":"summary_large_image","schema":{"@context":"https:\/\/schema.org","@graph":[{"@type":"WebPage","@id":"https:\/\/www.yokogawa.com\/eu\/blog\/renewables\/de\/agb\/","url":"https:\/\/www.yokogawa.com\/eu\/blog\/renewables\/de\/agb\/","name":"AGB - Energy and Renewables","isPartOf":{"@id":"https:\/\/www.yokogawa.com\/eu\/blog\/renewables\/de\/#website"},"datePublished":"2022-07-20T15:27:33+00:00","dateModified":"2022-07-23T06:12:54+00:00","breadcrumb":{"@id":"https:\/\/www.yokogawa.com\/eu\/blog\/renewables\/de\/agb\/#breadcrumb"},"inLanguage":"de-DE","potentialAction":[{"@type":"ReadAction","target":["https:\/\/www.yokogawa.com\/eu\/blog\/renewables\/de\/agb\/"]}]},{"@type":"BreadcrumbList","@id":"https:\/\/www.yokogawa.com\/eu\/blog\/renewables\/de\/agb\/#breadcrumb","itemListElement":[{"@type":"ListItem","position":1,"name":"Home","item":"https:\/\/www.yokogawa.com\/eu\/blog\/renewables\/de\/"},{"@type":"ListItem","position":2,"name":"AGB"}]},{"@type":"WebSite","@id":"https:\/\/www.yokogawa.com\/eu\/blog\/renewables\/de\/#website","url":"https:\/\/www.yokogawa.com\/eu\/blog\/renewables\/de\/","name":"Energy and Renewables","description":"Yokogawa","publisher":{"@id":"https:\/\/www.yokogawa.com\/eu\/blog\/renewables\/de\/#organization"},"potentialAction":[{"@type":"SearchAction","target":{"@type":"EntryPoint","urlTemplate":"https:\/\/www.yokogawa.com\/eu\/blog\/renewables\/de\/?s={search_term_string}"},"query-input":"required name=search_term_string"}],"inLanguage":"de-DE"},{"@type":"Organization","@id":"https:\/\/www.yokogawa.com\/eu\/blog\/renewables\/de\/#organization","name":"Energy and Renewables","url":"https:\/\/www.yokogawa.com\/eu\/blog\/renewables\/de\/","logo":{"@type":"ImageObject","inLanguage":"de-DE","@id":"https:\/\/www.yokogawa.com\/eu\/blog\/renewables\/de\/#\/schema\/logo\/image\/","url":"https:\/\/www.yokogawa.com\/eu\/blog\/app\/uploads\/sites\/10\/2022\/09\/yokogawa-logo-e1651674418793.png","contentUrl":"https:\/\/www.yokogawa.com\/eu\/blog\/app\/uploads\/sites\/10\/2022\/09\/yokogawa-logo-e1651674418793.png","width":302,"height":89,"caption":"Energy and Renewables"},"image":{"@id":"https:\/\/www.yokogawa.com\/eu\/blog\/renewables\/de\/#\/schema\/logo\/image\/"}}]}},"uagb_featured_image_src":{"full":false,"thumbnail":false,"medium":false,"medium_large":false,"large":false,"1536x1536":false,"2048x2048":false,"post-thumbnail":false},"uagb_author_info":{"display_name":"Niklas Frielingsdorf","author_link":"https:\/\/www.yokogawa.com\/eu\/blog\/renewables\/de\/author\/niklas-frielingsdorf\/"},"uagb_comment_info":0,"uagb_excerpt":"NutzungsbedingungenDiese Website ist Eigentum der Yokogawa Electric Corporation (im Folgenden als &#8220;Yokogawa&#8221; bezeichnet) oder ihres Bevollm\u00e4chtigten und wird von diesem betrieben. Die folgenden Bedingungen sind Bestandteil einer rechtlichen Vereinbarung zwischen Ihnen und Yokogawa. Sie werden gebeten, diese Nutzungsbedingungen vor dem&hellip; AGB Weiterlesen &raquo;","_links":{"self":[{"href":"https:\/\/www.yokogawa.com\/eu\/blog\/renewables\/de\/wp-json\/wp\/v2\/pages\/11258"}],"collection":[{"href":"https:\/\/www.yokogawa.com\/eu\/blog\/renewables\/de\/wp-json\/wp\/v2\/pages"}],"about":[{"href":"https:\/\/www.yokogawa.com\/eu\/blog\/renewables\/de\/wp-json\/wp\/v2\/types\/page"}],"author":[{"embeddable":true,"href":"https:\/\/www.yokogawa.com\/eu\/blog\/renewables\/de\/wp-json\/wp\/v2\/users\/31"}],"replies":[{"embeddable":true,"href":"https:\/\/www.yokogawa.com\/eu\/blog\/renewables\/de\/wp-json\/wp\/v2\/comments?post=11258"}],"version-history":[{"count":0,"href":"https:\/\/www.yokogawa.com\/eu\/blog\/renewables\/de\/wp-json\/wp\/v2\/pages\/11258\/revisions"}],"wp:attachment":[{"href":"https:\/\/www.yokogawa.com\/eu\/blog\/renewables\/de\/wp-json\/wp\/v2\/media?parent=11258"}],"wp:term":[{"taxonomy":"author","embeddable":true,"href":"https:\/\/www.yokogawa.com\/eu\/blog\/renewables\/de\/wp-json\/wp\/v2\/coauthors?post=11258"}],"curies":[{"name":"wp","href":"https:\/\/api.w.org\/{rel}","templated":true}]}}